{"id":48,"date":"2023-07-24T13:12:04","date_gmt":"2023-07-24T11:12:04","guid":{"rendered":"https:\/\/isp-serviceplus.de\/?page_id=48"},"modified":"2023-07-24T13:35:20","modified_gmt":"2023-07-24T11:35:20","slug":"produkte","status":"publish","type":"page","link":"https:\/\/isp-serviceplus.eu\/","title":{"rendered":"Produkte"},"content":{"rendered":"\n<h3 class=\"wp-block-heading has-text-align-center\"><strong>Unsere Produkte werden Sie \u00dcberzeugen<\/strong><\/h3>\n\n\n\n<h2 class=\"wp-block-heading has-text-align-center\"><strong>Mobilfunk, Festnetz, Internet, Funk und Technik<\/strong><br><strong>&#8230; wir beraten Sie gern<\/strong><\/h2>\n\n\n\n<p><a href=\"https:\/\/isp-serviceplus.de\/?page_id=51\" data-type=\"page\" data-id=\"51\"><strong>Hosting Angebot f\u00fcr Firmen un<\/strong>Hosting<strong>d Privat<\/strong>.<\/a><br><a href=\"https:\/\/isp-serviceplus.de\/?page_id=53\" data-type=\"page\" data-id=\"53\"><strong>virtuelle Premium-Server-L\u00f6sung f\u00fcr Firmen und Privat<\/strong>.<\/a><br><a href=\"https:\/\/isp-serviceplus.de\/?page_id=55\" data-type=\"page\" data-id=\"55\"><strong>Telefonanschluss f\u00fcr Firmen und Privat<\/strong>.<\/a><\/p>\n\n\n\n<p><a rel=\"noreferrer noopener\" href=\"http:\/\/neuedomain.info\/domain.php\" target=\"_blank\"><strong>Domainverwaltung<\/strong><\/a>.<\/p>\n\n\n\n<p><a rel=\"noreferrer noopener\" href=\"http:\/\/www.b2voip.eu\/\" target=\"_blank\"><strong>Virtuelle Telefonanlagen<\/strong><\/a>.<\/p>\n\n\n\n<p><a rel=\"noreferrer noopener\" href=\"http:\/\/www.isprz.de\/paypal.php\" target=\"_blank\"><strong><em>Paypal Zahlungen<\/em><\/strong><\/a><\/p>\n","protected":false},"excerpt":{"rendered":"<p>Unsere Produkte werden Sie \u00dcberzeugen Mobilfunk, Festnetz, Internet, Funk und Technik&#8230; wir beraten Sie gern Hosting Angebot f\u00fcr Firmen unHostingd Privat.virtuelle Premium-Server-L\u00f6sung f\u00fcr Firmen und Privat.Telefonanschluss f\u00fcr Firmen und Privat. Domainverwaltung. Virtuelle Telefonanlagen. Paypal Zahlungen<\/p>\n","protected":false},"author":1,"featured_media":0,"parent":0,"menu_order":0,"comment_status":"closed","ping_status":"closed","template":"","meta":{"footnotes":""},"class_list":["post-48","page","type-page","status-publish","hentry"],"_links":{"self":[{"href":"https:\/\/isp-serviceplus.eu\/index.php?rest_route=\/wp\/v2\/pages\/48","targetHints":{"allow":["GET"]}}],"collection":[{"href":"https:\/\/isp-serviceplus.eu\/index.php?rest_route=\/wp\/v2\/pages"}],"about":[{"href":"https:\/\/isp-serviceplus.eu\/index.php?rest_route=\/wp\/v2\/types\/page"}],"author":[{"embeddable":true,"href":"https:\/\/isp-serviceplus.eu\/index.php?rest_route=\/wp\/v2\/users\/1"}],"replies":[{"embeddable":true,"href":"https:\/\/isp-serviceplus.eu\/index.php?rest_route=%2Fwp%2Fv2%2Fcomments&post=48"}],"version-history":[{"count":2,"href":"https:\/\/isp-serviceplus.eu\/index.php?rest_route=\/wp\/v2\/pages\/48\/revisions"}],"predecessor-version":[{"id":61,"href":"https:\/\/isp-serviceplus.eu\/index.php?rest_route=\/wp\/v2\/pages\/48\/revisions\/61"}],"wp:attachment":[{"href":"https:\/\/isp-serviceplus.eu\/index.php?rest_route=%2Fwp%2Fv2%2Fmedia&parent=48"}],"curies":[{"name":"wp","href":"https:\/\/api.w.org\/{rel}","templated":true}]}}